{"id":99,"date":"2017-05-23T21:35:30","date_gmt":"2017-05-24T00:35:30","guid":{"rendered":"http:\/\/www.temposdeproducao.univasf.edu.br\/?page_id=99"},"modified":"2021-04-22T21:27:32","modified_gmt":"2021-04-23T00:27:32","slug":"cadastre-se","status":"publish","type":"page","link":"https:\/\/temposdeproducao.univasf.edu.br\/?page_id=99","title":{"rendered":"Inscri\u00e7\u00f5es"},"content":{"rendered":"<div>\n<div><b>Tema: <\/b> <\/div>\n<div><strong>Data e hor\u00e1rio: <\/strong>     <\/div>\n<div><strong style=\"font-size: 0.95em;\">Local: <\/strong>Palestra online <\/div>\n<div><a href=\"    \" rel=\"noopener\" target=\"_blank\"> Acesse a palestra aqui <\/a><\/div>\n<div><\/div>\n<\/div>\n<div>O evento \u00e9 gratuito e haver\u00e1 emiss\u00e3o de certificado.<\/div>\n<p><iframe loading=\"lazy\" src=\"                    \" width=\"1920\" height=\"1080\" frameborder=\"1\" marginwidth=\"0\" marginheight=\"0\"><span data-mce-type=\"bookmark\" style=\"display: inline-block; width: 0px; overflow: hidden; line-height: 0;\" class=\"mce_SELRES_start\"><\/span><span data-mce-type=\"bookmark\" style=\"display: inline-block; width: 0px; overflow: hidden; line-height: 0;\" class=\"mce_SELRES_start\"><\/span><span data-mce-type=\"bookmark\" style=\"display: inline-block; width: 0px; overflow: hidden; line-height: 0;\" class=\"mce_SELRES_start\"><\/span><span data-mce-type=\"bookmark\" style=\"display: inline-block; width: 0px; overflow: hidden; line-height: 0;\" class=\"mce_SELRES_start\"><\/span><span data-mce-type=\"bookmark\" style=\"display: inline-block; width: 0px; overflow: hidden; line-height: 0;\" class=\"mce_SELRES_start\"><\/span><span data-mce-type=\"bookmark\" style=\"display: inline-block; width: 0px; overflow: hidden; line-height: 0;\" class=\"mce_SELRES_start\"><\/span><span data-mce-type=\"bookmark\" style=\"display: inline-block; width: 0px; overflow: hidden; line-height: 0;\" class=\"mce_SELRES_start\"><\/span><span data-mce-type=\"bookmark\" style=\"display: inline-block; width: 0px; overflow: hidden; line-height: 0;\" class=\"mce_SELRES_start\"><\/span><span data-mce-type=\"bookmark\" style=\"display: inline-block; width: 0px; overflow: hidden; line-height: 0;\" class=\"mce_SELRES_start\"><\/span><span data-mce-type=\"bookmark\" style=\"display: inline-block; width: 0px; overflow: hidden; line-height: 0;\" class=\"mce_SELRES_start\"><\/span>Carregando\u2026<\/iframe><\/p>\n","protected":false},"excerpt":{"rendered":"<p>Tema: Data e hor\u00e1rio: Local: Palestra online Acesse a palestra aqui O evento \u00e9 gratuito e haver\u00e1 emiss\u00e3o de certificado. Carregando\u2026<\/p>\n","protected":false},"author":1,"featured_media":0,"parent":0,"menu_order":0,"comment_status":"closed","ping_status":"closed","template":"","meta":{"footnotes":""},"_links":{"self":[{"href":"https:\/\/temposdeproducao.univasf.edu.br\/index.php?rest_route=\/wp\/v2\/pages\/99"}],"collection":[{"href":"https:\/\/temposdeproducao.univasf.edu.br\/index.php?rest_route=\/wp\/v2\/pages"}],"about":[{"href":"https:\/\/temposdeproducao.univasf.edu.br\/index.php?rest_route=\/wp\/v2\/types\/page"}],"author":[{"embeddable":true,"href":"https:\/\/temposdeproducao.univasf.edu.br\/index.php?rest_route=\/wp\/v2\/users\/1"}],"replies":[{"embeddable":true,"href":"https:\/\/temposdeproducao.univasf.edu.br\/index.php?rest_route=%2Fwp%2Fv2%2Fcomments&post=99"}],"version-history":[{"count":104,"href":"https:\/\/temposdeproducao.univasf.edu.br\/index.php?rest_route=\/wp\/v2\/pages\/99\/revisions"}],"predecessor-version":[{"id":873,"href":"https:\/\/temposdeproducao.univasf.edu.br\/index.php?rest_route=\/wp\/v2\/pages\/99\/revisions\/873"}],"wp:attachment":[{"href":"https:\/\/temposdeproducao.univasf.edu.br\/index.php?rest_route=%2Fwp%2Fv2%2Fmedia&parent=99"}],"curies":[{"name":"wp","href":"https:\/\/api.w.org\/{rel}","templated":true}]}}